{"id":823,"date":"2020-11-12T16:29:03","date_gmt":"2020-11-12T16:29:03","guid":{"rendered":"http:\/\/s469314459.mialojamiento.es\/foldersfarma\/vilamala2020\/?page_id=823"},"modified":"2020-11-12T16:43:51","modified_gmt":"2020-11-12T16:43:51","slug":"aviso-legal","status":"publish","type":"page","link":"https:\/\/farmaciavilamala.com\/es\/aviso-legal\/","title":{"rendered":"Aviso Legal"},"content":{"rendered":"<p>De acuerdo con la exigencia del art\u00edculo 10 de la Ley 34\/2002, de 11 de julio, de Servicios de la Sociedad de la Informaci\u00f3n y de Comercio Electr\u00f3nico (LSSI-CE), Farmacia Ortopedia VILAMALA-Llaveria informa de los siguientes datos:<\/p>\n<p><strong>1.2 TITULAR DEL SITIO WEB<\/strong><br \/>\nRaz\u00f3n Social: Farmacia Ortopedia VILAMALA-Llaveria<br \/>\nDenominaci\u00f3n comercial: Farmacia Ortopedia VILAMALA-Llaveria<br \/>\nDomicilio fiscal: Av. De Cornell\u00e0, 99-101, 08950 de Esplugues de Llobregat Contacto:\u00a0farmaciavilamala@gmail.com<\/p>\n<p>La presente informaci\u00f3n regula las condiciones de uso, las limitaciones de responsabilidad y las obligaciones que los usuarios de la p\u00e1gina Web que se publica bajo el nombre del dominio WWWW.FARMACIAVILAMALA.COM las que los usuarios asumen y se comprometen a respetar.<\/p>\n<p><strong>2.2 COOKIES<\/strong><br \/>\nWWWW.FARMACIAVILAMALA.COM utiliza cookies para facilitar la navegaci\u00f3n por este portal y para obtener una mayor eficacia y personalizaci\u00f3n de los servicios ofrecidos a los usuarios. Las cookies utilizadas en WWWW.FARMACIAVILAMALA.COM asocian \u00fanicamente con un usuario an\u00f3nimo y su ordenador, no proporcionan referencias que permitan deducir el nombre y apellidos del usuario y no pueden leer datos de su disco duro ni incluir virus en sus equipos. Asimismo, WWWW.FARMACIAVILAMALA.COM no puede leer las cookies implantadas en el disco duro del usuario desde otros servidores.<\/p>\n<p>El usuario puede libremente decidir sobre la implantaci\u00f3n o no en su disco duro de las cookies empleadas en WWWW.FARMACIAVILAMALA.COM. En este sentido, el usuario puede configurar su navegador para aceptar o rechazar por defecto todas las cookies o para recibir un aviso en pantalla de la recepci\u00f3n de cada cookie y decidir en ese momento su implantaci\u00f3n o no en su disco duro. Para ello le sugerimos consultar la secci\u00f3n de ayuda de su navegador para saber c\u00f3mo cambiar la configuraci\u00f3n que actualmente emplea. Aunque el usuario configurase su navegador para rechazar todas las cookies o rechazase expresamente las cookies de WWWW.FARMACIAVILAMALA.COM podr\u00e1 navegar por el portal con el \u00fanico inconveniente de no poder disfrutar de las funcionalidades del portal que requieran la instalaci\u00f3n de alguna de ellas. En cualquier caso,el usuario podr\u00e1 eliminar las cookies de WWWW.FARMACIAVILAMALA.COM implantadas en su disco duro en cualquier momento, siguiendo el procedimiento establecido en la secci\u00f3n de ayuda de su navegador o entrando en el enlace Pol\u00edtica de Cookies de este sitio web .<\/p>\n<p><strong>2.3 POL\u00cdTICA DE ENLACES<\/strong><br \/>\nEn caso de que se introduzca por un usuario de Internet un enlace desde su propio sitio web en el Sitio web de Farmacia Ortopedia VILAMALA-Llaveria, el enlace \u00fanicamente vincular\u00e1 con la p\u00e1gina principal de este \u00faltimo, pero no podr\u00e1 reproducirla de ninguna manera, y, en caso de que se visualicen los contenidos del Sitio web con contenidos ajenos al mismo, estos contenidos ajenos no podr\u00e1n inducir a error, confusi\u00f3n o enga\u00f1o en los Usuarios sobre la procedencia de sus contenidos, ni suponer un acto de comparaci\u00f3n o imitaci\u00f3n desleal o un aprovechamiento de la reputaci\u00f3n de Farmacia Ortopedia VILAMALA-Llaveria.<\/p>\n<p>No se realizar\u00e1 desde la p\u00e1gina que introduce el enlace ning\u00fan tipo de manifestaci\u00f3n falsa o inexacta sobre Farmacia Ortopedia VILAMALA-Llaveria, empresas asociadas, colaboradores o empleados, ni se indicar\u00e1 en esta p\u00e1gina que tienen el consentimiento de Farmacia Ortopedia VILAMALA -Llaveria para la inserci\u00f3n del enlace o que Farmacia Ortopedia VILAMALA-Llaveria tiene alguna relaci\u00f3n o colaboraci\u00f3n con esta p\u00e1gina.<\/p>\n<p>Salvo en los casos permitidos por la ley o expresamente autorizados por Farmacia Ortopedia VILAMALA-Llaveria, siempre que se permita un enlace directo con su sitio web, queda prohibida la utilizaci\u00f3n de cualquier marca o cualquier otro signo distintivo de Farmacia Ortopedia VILAMALA-Llaveria dentro de la p\u00e1gina donde se encuentre el enlace, salvo que se autorice expresamente.<\/p>\n<p>La p\u00e1gina que establezca el enlace deber\u00e1 cumplir con la ley y no disponer o enlazar con contenidos il\u00edcitos o contrarios a la moral y las buenas costumbres.<\/p>\n<p>Por su parte, el propio Sitio web incluye dispositivos t\u00e9cnicos de enlace que permiten al Usuario acceder a otras p\u00e1ginas y portales de Internet, actuando Farmacia Ortopedia VILAMALA-Llaveria como prestador de servicios de intermediaci\u00f3n de conformidad con el art\u00edculo 17 de la Ley 34\/2002, de 11 de julio, de servicios de la Sociedad de la Informaci\u00f3n y de Comercio Electr\u00f3nico, por lo que s\u00f3lo ser\u00e1 responsable de los contenidos y servicios suministrados en los sitios enlazados en caso de que habiendo tenido conocimiento efectivo , en la forma prevista por la Ley de Servicios de la Sociedad de la Informaci\u00f3n, de la ilicitud no haya desactivado el enlace.<\/p>\n<p>La existencia de sitios enlazados no supone que existan acuerdos con los responsables o titulares de los mismos, y Farmacia Ortopedia VILAMALA-Llaveria no se hace responsable por los da\u00f1os producidos por la ilicitud, calidad, desactualizaci\u00f3n, indisponibilidad, error e inutilidad de los contenidos de estos lugares, ya que los desconoce. En cualquier caso, si el Usuario tuviera conocimiento de que los sitios enlazados remiten a p\u00e1ginas cuyos contenidos o servicios de las cuales son il\u00edcitos o contrarios a la moral deber\u00e1 ponerlo en conocimiento de Farmacia Ortopedia VILAMALA-Llaveria.<\/p>\n<p>A tal efecto se habilita la direcci\u00f3n de correo electr\u00f3nico\u00a0farmaciavilamala@gmail.com\u00a0, de esta manera, los usuarios deber\u00e1n comunicar: nombre, direcci\u00f3n, n\u00famero de tel\u00e9fono y direcci\u00f3n de correo electr\u00f3nico, especificaci\u00f3n de la supuesta actividad il\u00edcita llevada a cabo en el Portal y hechos o circunstancias que revelan el car\u00e1cter il\u00edcito de dicha actividad.<\/p>\n<p><strong>2.4 CONDICIONES DE USO<\/strong><br \/>\nLa utilizaci\u00f3n de la p\u00e1gina otorga la utilizaci\u00f3n de usuario e implica la aceptaci\u00f3n de las condiciones del aviso legal, pol\u00edtica de privacidad y condiciones de uso, si el usuario no estuviera conforme, se abstendr\u00e1 de utilizar la p\u00e1gina. El usuario est\u00e1 obligado y se compromete a utilizar la p\u00e1gina y los contenidos de conformidad con la legislaci\u00f3n vigente, el Aviso Legal, y cualquier otro aviso contenido en esta p\u00e1gina, as\u00ed como con las normas de convivencia, la moral y buenas costumbres generalmente aceptadas.<\/p>\n<p>El Usuario se obliga y se compromete a no transmitir, difundir o poner a disposici\u00f3n de terceros cualquier contenido de la p\u00e1gina, tales como informaciones, textos, datos, contenidos, mensajes, gr\u00e1ficos, dibujos, archivos de sonido y \/ o imagen , fotograf\u00edas, grabaciones, software, logotipos, marcas, iconos, tecnolog\u00eda, fotograf\u00edas, software, enlaces, dise\u00f1o gr\u00e1fico y c\u00f3digos fuente, o cualquier otro material al que tuviera acceso en su condici\u00f3n de Usuario de la P\u00e1gina, sin que esta enumeraci\u00f3n tenga car\u00e1cter limitativo.<\/p>\n<p><strong>2.5 Propiedad intelectual e industrial<\/strong><br \/>\nTodas las marcas, nombres comerciales o signos distintivos de cualquier clase que aparecen en la p\u00e1gina son propiedad de Farmacia Ortopedia VILAMALA-Llaveria o, en su caso, de terceros que han autorizado su uso, sin que pueda entenderse que el uso o acceso al portal y \/ o los contenidos atribuya al usuario derecho alguno sobre las citadas marcas, nombres comerciales y \/ o signos distintivos, y sin que puedan entenderse cedidos al usuario, ninguno de los derechos de explotaci\u00f3n que existen o puedan existir sobre dichos contenidos. Y no entiende cedidos ni se autoriza su utilizaci\u00f3n, en ning\u00fan caso, los usuarios de la p\u00e1gina a menos que se obtengan estos derechos por escrito del leg\u00edtimo titular de los mismos.<\/p>\n<p><strong>2.6 REDES SOCIALES OFICIALES<\/strong><br \/>\nEl prestador de servicios de las p\u00e1ginas oficiales de Farmacia Ortopedia VILAMALA-Llaveria en las redes sociales Otros es la entidad Farmacia Ortopedia VILAMALA-Llaveria (en adelante Farmacia Ortopedia VILAMALA-Llaveria) con CIF B67202234 y domicilio social en C \/ gallo 5. BIS, 08031 BARCELONA, BARCELONA y mismo domicilio a efectos de notificaciones.<br \/>\nEl acceso y uso de estas p\u00e1ginas requiere de la aceptaci\u00f3n de las condiciones generales de uso de redes sociales y la pol\u00edtica de privacidad que m\u00e1s abajo se detalla y se completa con la pol\u00edtica y las normas de las plataformas de red social de otros.<br \/>\nPara cualquier consulta o contacto con Farmacia Ortopedia VILAMALA-Llaveria los usuarios podr\u00e1n comunicarse a trav\u00e9s del n\u00famero de tel\u00e9fono +34678439820 o de la siguiente direcci\u00f3n electr\u00f3nica:\u00a0farmaciavilamala@gmail.com<\/a><\/p>\n<p>Condiciones de uso de la p\u00e1gina oficial de Farmacia Ortopedia VILAMALA-Llaveria en Otros<\/p>\n<p>Por favor, lea atentamente estas condiciones de uso ya que contienen toda la informaci\u00f3n relativa a sus derechos y obligaciones como usuario de la p\u00e1gina oficial de Farmacia Ortopedia VILAMALA-Llaveria en Otros.\u00a0El acceso y uso de la p\u00e1gina oficial de Farmacia Ortopedia VILAMALA-Llaveria en Otros est\u00e1 sujeto adem\u00e1s al cumplimiento de las condiciones establecidas por Otros como titular de la plataforma del servicio de red social.<\/p>\n<p>Cuando el usuario accede o utiliza la p\u00e1gina oficial de Farmacia Ortopedia VILAMALA-Llaveria en Otros manifiesta su consentimiento y aceptaci\u00f3n del cumplimiento de lo establecido en las presentes condiciones de uso.<\/p>\n<p>El acceso y uso de la p\u00e1gina oficial de Farmacia Ortopedia VILAMALA-Llaveria en Otros est\u00e1 prohibido a menores de 14 a\u00f1os.<br \/>\nUsos permitidos y usos prohibidos<\/p>\n<p>A trav\u00e9s de la p\u00e1gina oficial de Farmacia Ortopedia VILAMALA-Llaveria en Otros se facilita un espacio en el que el usuario puede publicar e intercambiar informaci\u00f3n y contenidos, as\u00ed como establecer comunicaci\u00f3n entre varios usuarios.<\/p>\n<p>El uso de la p\u00e1gina oficial de Farmacia Ortopedia VILAMALA-Llaveria no puede tener una finalidad econ\u00f3mica o comercial.<\/p>\n<p>El usuario est\u00e1 obligado a realizar un uso razonable de la p\u00e1gina oficial de Farmacia Ortopedia VILAMALA-Llaveria de Otros y de sus contenidos, seg\u00fan las posibilidades y fines para los que est\u00e1 concebido de acuerdo con los usos y costumbres, la moral , la legislaci\u00f3n vigente, las presentes normas y las normas y pol\u00edticas publicadas por otros. El usuario ser\u00e1 el \u00fanico responsable de la informaci\u00f3n, im\u00e1genes, opiniones, alusiones o contenidos de cualquier tipo que comunique, aloje, transmita, ponga a disposici\u00f3n o exhiba a trav\u00e9s de la p\u00e1gina oficial de Farmacia Ortopedia VILAMALA-Llaveria en Unos otros.<br \/>\nFarmacia Ortopedia VILAMALA-Llaveria no podr\u00e1 ser considerado responsable editorial de los contenidos publicados por el usuario y declara expresamente que no se identifica con ninguna de las opiniones que los usuarios publiquen en la p\u00e1gina oficial de Farmacia Ortopedia VILAMALA-Llaveria en Otros de las consecuencias se hace enteramente responsable el emisor de las mismas.<br \/>\nEn todo caso, queda prohibido el uso de la p\u00e1gina oficial de Farmacia Ortopedia VILAMALA-Llaveria en Otros con fines ilegales o no autorizados, con o sin finalidad econ\u00f3mica.<\/p>\n<p><strong>2.7 EXENCI\u00d3N DE RESPONSABILIDADES<\/strong><br \/>\nFarmacia Ortopedia VILAMALA-Llaveria incluye en su sitio web una serie de contenidos sobre sus actividades, productos, estructura, gesti\u00f3n y equipos propios de una Web corporativa.\u00a0Farmacia Ortopedia VILAMALA-Llaveria excluye cualquier responsabilidad por los da\u00f1os y perjuicios de toda naturaleza que pudieran derivarse del acceso a los contenidos, informaciones, publicidad, opciones, conceptos e im\u00e1genes facilitados a los usuarios.<\/p>\n<p>En cualquier caso, Farmacia Ortopedia VILAMALA-Llaveria no se hace responsable de:<\/p>\n<ul>\n<li>El da\u00f1o que el usuario pueda realizar del Sitio Web.<\/li>\n<li>La continuidad de los contenidos de la P\u00e1gina web.<\/li>\n<li>La ausencia de virus y \/ o dem\u00e1s componentes da\u00f1inos en el Sitio Web o en el servidor que los suministra, tanto en cuanto a la visualizaci\u00f3n de los contenidos por los usuarios como en la descarga de los mismos.<\/li>\n<li>Los contenidos y servicios prestados por otros Sitios web a las que pueda tener acceso desde las direcciones de Internet titularidad de Farmacia Ortopedia VILAMALA-Llaveria.<\/li>\n<li>El mayor o menor rendimiento de los contenidos albergados en el Sitio Web.<\/li>\n<li>Los da\u00f1os o perjuicios que causara cualquier persona, bien a s\u00ed misma oa terceras, que infringiera las condiciones, normas e instrucciones que Farmacia Ortopedia VILAMALA-Llaveria establece en este Sitio web.<\/li>\n<li>Los da\u00f1os ocasionados por la vulneraci\u00f3n de los sistemas de seguridad del Sitio Web titularidad de Farmacia Ortopedia VILAMALA-Llaveria.<\/li>\n<li>El mal funcionamiento de software o \u00abplugins\u00bb (descarga que pudiera realizarse desde el link establecido al efecto), que pudiera ser necesario para la visualizaci\u00f3n o escucha de determinados contenidos albergados en el presente Sitio Web.<\/li>\n<li>Cualquier acci\u00f3n o actuaci\u00f3n que pudiera realizar en relaci\u00f3n con la vulneraci\u00f3n de derechos de terceros, especialmente, en relaci\u00f3n con la imagen, propiedad intelectual o industrial.<\/li>\n<li>De la edici\u00f3n, revisi\u00f3n, censura y verificaci\u00f3n de los contenidos de las p\u00e1ginas o Sitios de Internet con los que el usuario se conecte a trav\u00e9s del motor de b\u00fasqueda o de enlaces incluidos en el Sitio Web de Farmacia Ortopedia VILAMALA-Llaveria.<\/li>\n<\/ul>\n<p>Exenci\u00f3n de responsabilidad por el funcionamiento de la P\u00e1gina Web<\/p>\n<p>Farmacia Ortopedia VILAMALA-Llaveria presta sus servicios y contenidos de forma continuada empleando todos los medios t\u00e9cnicos a su alcance para realizar dicha prestaci\u00f3n de forma satisfactoria.<\/p>\n<p>Farmacia Ortopedia VILAMALA-Llaveria podr\u00e1, cuando lo considere conveniente, realizar correcciones, mejoras o modificaciones en la informaci\u00f3n contenida en su sitio web, sin que ello de lugar, ni derecho a ninguna reclamaci\u00f3n o indemnizaci\u00f3n, ni implique reconocimiento de responsabilidad alguna.<\/p>\n<p>Farmacia Ortopedia VILAMALA-Llaveria no se hace responsable por los da\u00f1os y perjuicios de toda naturaleza que pudieran derivarse de la disponibilidad y continuidad t\u00e9cnica del funcionamiento de su sitio web.\u00a0En cualquier caso, Farmacia Ortopedia VILAMALA-Llaveria, llevar\u00e1 a cabo todas las actuaciones necesarias para restablecer sus servicios en caso de fallo t\u00e9cnico.<\/p>\n<p><strong>2.8 LEGISLACI\u00d3N Y JURISDICCI\u00d3N<\/strong><br \/>\nFarmacia Ortopedia VILAMALA-Llaveria se reserva la facultad de presentar las acciones civiles o penales que considere oportunas por la utilizaci\u00f3n indebida de su sitio web y contenidos, o por el incumplimiento de las presentes condiciones.<\/p>\n<p>En caso de existir discrepancia entre lo establecido en el presente Aviso Legal y las Condiciones Particulares de cada servicio espec\u00edfico, prevalecer\u00e1 lo dispuesto en \u00e9stas \u00faltimas.<\/p>\n<p>En caso de que cualquier disposici\u00f3n o disposiciones contenidas en el presente Aviso Legal fueran consideradas nulas o inaplicables, en su totalidad o en parte, por cualquier Juzgado, Tribunal u \u00f3rgano administrativo competente, dicha nulidad o inaplicaci\u00f3n no afectar\u00e1 al resto de disposiciones del presente Aviso Legal ni a las condiciones particulares de los diferentes servicios del presente Sitio web.<\/p>\n<p>El no ejercicio o ejecuci\u00f3n, por parte de Farmacia Ortopedia VILAMALA-Llaveria de cualquier derecho o disposici\u00f3n contenido en estas Condiciones Generales no constituir\u00e1 una renuncia al mismo, salvo reconocimiento y acuerdo escrito por su parte.<\/p>\n<p>La relaci\u00f3n entre el usuario y el prestador se regir\u00e1 por la normativa vigente y de aplicaci\u00f3n en el territorio espa\u00f1ol.\u00a0De surgir cualquier controversia las partes podr\u00e1n someter sus conflictos a arbitraje o acudir a la jurisdicci\u00f3n ordinaria cumpliendo con las normas sobre jurisdicci\u00f3n y competencia sobre este tema.\u00a0Farmacia Ortopedia VILAMALA-Llaveria tiene su domicilio en Barcelona, \u200b\u200bEspa\u00f1a.<\/p>\n","protected":false},"excerpt":{"rendered":"<p>De acuerdo con la exigencia del art\u00edculo 10 de la Ley 34\/2002, de 11 de julio, de Servicios de la Sociedad de la Informaci\u00f3n y de Comercio Electr\u00f3nico (LSSI-CE), Farmacia&#8230;<\/p>\n","protected":false},"author":1,"featured_media":0,"parent":0,"menu_order":0,"comment_status":"closed","ping_status":"closed","template":"","meta":{"footnotes":""},"class_list":["post-823","page","type-page","status-publish"],"_links":{"self":[{"href":"https:\/\/farmaciavilamala.com\/es\/wp-json\/wp\/v2\/pages\/823"}],"collection":[{"href":"https:\/\/farmaciavilamala.com\/es\/wp-json\/wp\/v2\/pages"}],"about":[{"href":"https:\/\/farmaciavilamala.com\/es\/wp-json\/wp\/v2\/types\/page"}],"author":[{"embeddable":true,"href":"https:\/\/farmaciavilamala.com\/es\/wp-json\/wp\/v2\/users\/1"}],"replies":[{"embeddable":true,"href":"https:\/\/farmaciavilamala.com\/es\/wp-json\/wp\/v2\/comments?post=823"}],"version-history":[{"count":3,"href":"https:\/\/farmaciavilamala.com\/es\/wp-json\/wp\/v2\/pages\/823\/revisions"}],"predecessor-version":[{"id":826,"href":"https:\/\/farmaciavilamala.com\/es\/wp-json\/wp\/v2\/pages\/823\/revisions\/826"}],"wp:attachment":[{"href":"https:\/\/farmaciavilamala.com\/es\/wp-json\/wp\/v2\/media?parent=823"}],"curies":[{"name":"wp","href":"https:\/\/api.w.org\/{rel}","templated":true}]}}