{"id":818,"date":"2020-11-12T15:52:08","date_gmt":"2020-11-12T15:52:08","guid":{"rendered":"http:\/\/s469314459.mialojamiento.es\/foldersfarma\/vilamala2020\/?page_id=818"},"modified":"2020-11-12T15:52:08","modified_gmt":"2020-11-12T15:52:08","slug":"politica-de-privacidad","status":"publish","type":"page","link":"https:\/\/farmaciavilamala.com\/es\/politica-de-privacidad\/","title":{"rendered":"Pol\u00edtica de Privacidad"},"content":{"rendered":"<p>FARM\u00c0CIA ORTOP\u00c8DIA VILAMALA-LLAVERIA garantiza la privacidad de los datos de cara\u0301cter personal aportados, segu\u0301n el Reglamento General de Proteccio\u0301n de Datos (RGPD).<\/p>\n<p>La visita a esta pa\u0301gina web no supone que el usuario este\u0301 obligado a facilitar ninguna informacio\u0301n sobre si\u0301 mismo, no obstante, durante la visita es posible que se soliciten datos de cara\u0301cter personal a trave\u0301s de formularios.<\/p>\n<p>Dichos datos sera\u0301n incorporados a un fichero responsabilidad de FARM\u00c0CIA ORTOP\u00c8DIA VILAMALA-LLAVERIA y sera\u0301n utilizados con la finalidad de contestar la solicitud realizada por su parte y para enviarles informacio\u0301n de nuestra empresa y servicios por cualquier medio de comunicacio\u0301n. Al enviarnos dicho formulario, usted esta\u0301 aceptando expli\u0301citamente la recepcio\u0301n de los mismos. Estos datos se cancelara\u0301n a peticio\u0301n suya o una vez satisfecho la finalidad para la que fueron recabados.<\/p>\n<p>Co\u0301mo ejercitar los derechos: Los usuarios pueden dirigir una comunicacio\u0301n por escrito a FARM\u00c0CIA ORTOP\u00c8DIA VILAMALA-LLAVERIA con domicilio en Av. De Cornell\u00e0, 99-101, 08950 d\u2019Esplugues de Llobregat, o a la direccio\u0301n de correo electro\u0301nico\u00a0<a href=\"mailto:farmaciavilamala@gmail.com\">farmaciavilamala@gmail.com<\/a>\u00a0incluyendo en ambos casos una fotocopia de su DNI u otro documento identificativo similar, para ejercitar sus derechos, que son los siguientes:<\/p>\n<p>\u25cf Derecho a solicitar el acceso a los datos personales: usted podra\u0301 preguntar a FARM\u00c0CIA ORTOP\u00c8DIA VILAMALA-LLAVERIA si esta empresa esta\u0301 tratando sus datos.<\/p>\n<p>\u25cf Derecho a solicitar su rectificacio\u0301n (en caso de que sean incorrectos) o supresio\u0301n.<\/p>\n<p>\u25cf Derecho a solicitar la limitacio\u0301n de su tratamiento, en cuyo caso u\u0301nicamente sera\u0301n conservados por<\/p>\n<p>FARM\u00c0CIA ORTOP\u00c8DIA VILAMALA-LLAVERIA para el ejercicio o la defensa de reclamaciones.<\/p>\n<p>\u25cf Derecho a oponerse al tratamiento: FARM\u00c0CIA ORTOP\u00c8DIA VILAMALA-LLAVERIA dejara\u0301 de tratar los datos en la forma que usted indique, salvo que por motivos legi\u0301timos imperiosos o el ejercicio o la<\/p>\n<p>defensa de posibles reclamaciones se tengan que seguir tratando.<\/p>\n<p>\u25cf Derecho a la portabilidad de los datos: en caso de que quiera que sus datos sean tratados por otra<\/p>\n<p>firma, FARM\u00c0CIA ORTOP\u00c8DIA VILAMALA-LLAVERIA le facilitara\u0301 la portabilidad de sus datos al nuevo responsable.<\/p>\n<p>Posibilidad de retirar el consentimiento: en el caso de que se haya otorgado el consentimiento para alguna finalidad especi\u0301fica, usted tiene derecho a retirar el consentimiento en cualquier momento, sin que ello afecte a la licitud del tratamiento basado en el consentimiento previo a su retirada.<\/p>\n<p>Co\u0301mo reclamar ante la Autoridad de Control: Si un usuario considera que hay un problema con la forma en que FARM\u00c0CIA ORTOP\u00c8DIA VILAMALA-LLAVERIA esta\u0301 manejando sus datos, puede dirigir sus reclamaciones a la autoridad de proteccio\u0301n de datos que corresponda, siendo la Agencia Espan\u0303ola de Proteccio\u0301n de Datos la indicada en el caso de Espan\u0303a<\/p>\n<p>La negativa a proporcionar los datos supondra\u0301 la no prestacio\u0301n o la imposibilidad de acceder al servicio para los que eran solicitados. Usted tiene derecho a recibir respuesta de cualquier pregunta, consulta o aclaracio\u0301n que le surja derivada de este formulario.<\/p>\n<p>Las partes se someten, a su eleccio\u0301n, para la resolucio\u0301n de los conflictos y con renuncia a cualquier otro fuero, a los juzgados y tribunales del domicilio del propietario del sitio Web.<\/p>\n","protected":false},"excerpt":{"rendered":"<p>FARM\u00c0CIA ORTOP\u00c8DIA VILAMALA-LLAVERIA garantiza la privacidad de los datos de cara\u0301cter personal aportados, segu\u0301n el Reglamento General de Proteccio\u0301n de Datos (RGPD). La visita a esta pa\u0301gina web no supone&#8230;<\/p>\n","protected":false},"author":1,"featured_media":0,"parent":0,"menu_order":0,"comment_status":"closed","ping_status":"closed","template":"","meta":{"footnotes":""},"class_list":["post-818","page","type-page","status-publish"],"_links":{"self":[{"href":"https:\/\/farmaciavilamala.com\/es\/wp-json\/wp\/v2\/pages\/818"}],"collection":[{"href":"https:\/\/farmaciavilamala.com\/es\/wp-json\/wp\/v2\/pages"}],"about":[{"href":"https:\/\/farmaciavilamala.com\/es\/wp-json\/wp\/v2\/types\/page"}],"author":[{"embeddable":true,"href":"https:\/\/farmaciavilamala.com\/es\/wp-json\/wp\/v2\/users\/1"}],"replies":[{"embeddable":true,"href":"https:\/\/farmaciavilamala.com\/es\/wp-json\/wp\/v2\/comments?post=818"}],"version-history":[{"count":1,"href":"https:\/\/farmaciavilamala.com\/es\/wp-json\/wp\/v2\/pages\/818\/revisions"}],"predecessor-version":[{"id":819,"href":"https:\/\/farmaciavilamala.com\/es\/wp-json\/wp\/v2\/pages\/818\/revisions\/819"}],"wp:attachment":[{"href":"https:\/\/farmaciavilamala.com\/es\/wp-json\/wp\/v2\/media?parent=818"}],"curies":[{"name":"wp","href":"https:\/\/api.w.org\/{rel}","templated":true}]}}